{"id":538,"date":"2021-04-24T14:11:01","date_gmt":"2021-04-24T12:11:01","guid":{"rendered":"https:\/\/tur-nieruchomosci.pl\/sklep\/?page_id=538"},"modified":"2021-04-24T14:29:38","modified_gmt":"2021-04-24T12:29:38","slug":"odbierz-prezent","status":"publish","type":"page","link":"https:\/\/tur-nieruchomosci.pl\/sklep\/odbierz-prezent\/","title":{"rendered":"ODBIERZ PREZENT"},"content":{"rendered":"\n<hr class=\"wp-block-separator has-text-color has-background is-style-default\" style=\"background-color:#ff6633;color:#ff6633\"\/>\n\n\n\n<div style=\"height:33px\" aria-hidden=\"true\" class=\"wp-block-spacer\"><\/div>\n\n\n\n<div class=\"wp-block-columns is-layout-flex wp-container-3 wp-block-columns-is-layout-flex\">\n<div class=\"wp-block-column is-layout-flow wp-block-column-is-layout-flow\">\n<div class=\"wp-block-image\"><figure class=\"aligncenter size-large\"><a href=\"https:\/\/tur-nieruchomosci.pl\/sklep\/produkt\/produkt-1\/\"><img decoding=\"async\" loading=\"lazy\" width=\"1024\" height=\"1024\" src=\"https:\/\/tur-nieruchomosci.pl\/sklep\/wp-content\/uploads\/2021\/01\/Produkty_1024x1024_NIEZBEDNIK-1024x1024.jpg\" alt=\"\" class=\"wp-image-540\" srcset=\"https:\/\/tur-nieruchomosci.pl\/sklep\/wp-content\/uploads\/2021\/01\/Produkty_1024x1024_NIEZBEDNIK.jpg 1024w, https:\/\/tur-nieruchomosci.pl\/sklep\/wp-content\/uploads\/2021\/01\/Produkty_1024x1024_NIEZBEDNIK-300x300.jpg 300w, https:\/\/tur-nieruchomosci.pl\/sklep\/wp-content\/uploads\/2021\/01\/Produkty_1024x1024_NIEZBEDNIK-150x150.jpg 150w, https:\/\/tur-nieruchomosci.pl\/sklep\/wp-content\/uploads\/2021\/01\/Produkty_1024x1024_NIEZBEDNIK-768x768.jpg 768w, https:\/\/tur-nieruchomosci.pl\/sklep\/wp-content\/uploads\/2021\/01\/Produkty_1024x1024_NIEZBEDNIK-600x600.jpg 600w, https:\/\/tur-nieruchomosci.pl\/sklep\/wp-content\/uploads\/2021\/01\/Produkty_1024x1024_NIEZBEDNIK-100x100.jpg 100w\" sizes=\"(max-width: 1024px) 100vw, 1024px\" \/><\/a><\/figure><\/div>\n<\/div>\n\n\n\n<div class=\"wp-block-column is-layout-flow wp-block-column-is-layout-flow\">\n<p><\/p>\n\n\n\n<p><strong>Zapisz si\u0119 na newsletter i otrzymaj za darmo prezent dost\u0119pny tylko dla naszych subskrybent\u00f3w.<\/strong><\/p>\n\n\n\n<p><strong>Link do odebrania prezentu otrzymasz od nas tu\u017c po potwierdzeniu rejestracji na li\u015bcie mailingowej.<\/strong><\/p>\n\n\n\n<figure class=\"wp-block-image is-resized\"><img decoding=\"async\" loading=\"lazy\" src=\"https:\/\/s.w.org\/images\/core\/emoji\/13.0.1\/72x72\/1f381.png\" alt=\"?\" width=\"24\" height=\"24\"\/><\/figure>\n\n\n  \n  \n  <div class=\"\n    mailpoet_form_popup_overlay\n      \"><\/div>\n  <div\n    id=\"mailpoet_form_2\"\n    class=\"\n      mailpoet_form\n      mailpoet_form_html\n      mailpoet_form_position_\n      mailpoet_form_animation_\n    \"\n      >\n\n    <style type=\"text\/css\">\n     #mailpoet_form_2 .mailpoet_form {  }\n#mailpoet_form_2 .mailpoet_column_with_background { padding: 10px; }\n#mailpoet_form_2 .mailpoet_form_column:not(:first-child) { margin-left: 20px; }\n#mailpoet_form_2 .mailpoet_paragraph { line-height: 20px; margin-bottom: 20px; }\n#mailpoet_form_2 .mailpoet_segment_label, #mailpoet_form_2 .mailpoet_text_label, #mailpoet_form_2 .mailpoet_textarea_label, #mailpoet_form_2 .mailpoet_select_label, #mailpoet_form_2 .mailpoet_radio_label, #mailpoet_form_2 .mailpoet_checkbox_label, #mailpoet_form_2 .mailpoet_list_label, #mailpoet_form_2 .mailpoet_date_label { display: block; font-weight: normal; }\n#mailpoet_form_2 .mailpoet_text, #mailpoet_form_2 .mailpoet_textarea, #mailpoet_form_2 .mailpoet_select, #mailpoet_form_2 .mailpoet_date_month, #mailpoet_form_2 .mailpoet_date_day, #mailpoet_form_2 .mailpoet_date_year, #mailpoet_form_2 .mailpoet_date { display: block; }\n#mailpoet_form_2 .mailpoet_text, #mailpoet_form_2 .mailpoet_textarea { width: 200px; }\n#mailpoet_form_2 .mailpoet_checkbox {  }\n#mailpoet_form_2 .mailpoet_submit {  }\n#mailpoet_form_2 .mailpoet_divider {  }\n#mailpoet_form_2 .mailpoet_message {  }\n#mailpoet_form_2 .mailpoet_form_loading { width: 30px; text-align: center; line-height: normal; }\n#mailpoet_form_2 .mailpoet_form_loading > span { width: 5px; height: 5px; background-color: #5b5b5b; }#mailpoet_form_2{;}#mailpoet_form_2 .mailpoet_message {margin: 0; padding: 0 20px;}#mailpoet_form_2 .mailpoet_paragraph.last {margin-bottom: 0} @media (max-width: 500px) {#mailpoet_form_2 {background-image: none;}} @media (min-width: 500px) {#mailpoet_form_2 .last .mailpoet_paragraph:last-child {margin-bottom: 0}}  @media (max-width: 500px) {#mailpoet_form_2 .mailpoet_form_column:last-child .mailpoet_paragraph:last-child {margin-bottom: 0}} \n    <\/style>\n\n    <form\n      target=\"_self\"\n      method=\"post\"\n      action=\"https:\/\/tur-nieruchomosci.pl\/sklep\/wp-admin\/admin-post.php?action=mailpoet_subscription_form\"\n      class=\"mailpoet_form mailpoet_form_form mailpoet_form_html\"\n      novalidate\n      data-delay=\"\"\n      data-exit-intent-enabled=\"\"\n      data-font-family=\"\"\n      data-cookie-expiration-time=\"\"\n    >\n      <input type=\"hidden\" name=\"data[form_id]\" value=\"2\" \/>\n      <input type=\"hidden\" name=\"token\" value=\"032a797438\" \/>\n      <input type=\"hidden\" name=\"api_version\" value=\"v1\" \/>\n      <input type=\"hidden\" name=\"endpoint\" value=\"subscribers\" \/>\n      <input type=\"hidden\" name=\"mailpoet_method\" value=\"subscribe\" \/>\n\n      <label class=\"mailpoet_hp_email_label\" style=\"display: none !important;\">Please leave this field empty<input type=\"email\" name=\"data[email]\"\/><\/label><div class=\"mailpoet_paragraph\"><label for=\"form_email_2\" class=\"mailpoet-screen-reader-text\" data-automation-id=\"form_email_label\" >Adres email <span class=\"mailpoet_required\">*<\/span><\/label><input type=\"email\" autocomplete=\"email\" class=\"mailpoet_text\" id=\"form_email_2\" name=\"data[form_field_YzU3NWFkYzg0M2NmX2VtYWls]\" title=\"Adres email\" value=\"\" style=\"width:100%;box-sizing:border-box;\" data-automation-id=\"form_email\"  placeholder=\"Adres email *\" data-parsley-required=\"true\" data-parsley-minlength=\"6\" data-parsley-maxlength=\"150\" data-parsley-type-message=\"This value should be a valid email.\" data-parsley-errors-container=\".mailpoet_error_email_\" data-parsley-required-message=\"This field is required.\"\/><\/div>\n<div class=\"mailpoet_paragraph\"><input type=\"submit\" class=\"mailpoet_submit\" value=\"Subskrybuj!\" data-automation-id=\"subscribe-submit-button\" style=\"width:100%;box-sizing:border-box;border-color:transparent;\" \/><span class=\"mailpoet_form_loading\"><span class=\"mailpoet_bounce1\"><\/span><span class=\"mailpoet_bounce2\"><\/span><span class=\"mailpoet_bounce3\"><\/span><\/span><\/div>\n\n      <div class=\"mailpoet_message\">\n        <p class=\"mailpoet_validate_success\"\n                style=\"display:none;\"\n                >Sprawd\u017a swoj\u0105 skrzynk\u0119 odbiorcz\u0105 (albo katalog na spam) i potwierd\u017a swoj\u0105 subskrypcj\u0119. \n        <\/p>\n        <p class=\"mailpoet_validate_error\"\n                style=\"display:none;\"\n                >        <\/p>\n      <\/div>\n    <\/form>\n\n      <\/div>\n\n  <\/div>\n<\/div>\n","protected":false},"excerpt":{"rendered":"<p>Zapisz si\u0119 na newsletter i otrzymaj za darmo prezent dost\u0119pny tylko dla naszych subskrybent\u00f3w. Link do odebrania prezentu otrzymasz od nas tu\u017c po potwierdzeniu rejestracji na li\u015bcie mailingowej.<\/p>\n","protected":false},"author":3,"featured_media":0,"parent":0,"menu_order":0,"comment_status":"closed","ping_status":"closed","template":"","meta":{"bwfblock_default_font":"","footnotes":""},"blocksy_meta":{"styles_descriptor":{"styles":{"desktop":"","tablet":"","mobile":""},"google_fonts":[],"version":5}},"_links":{"self":[{"href":"https:\/\/tur-nieruchomosci.pl\/sklep\/wp-json\/wp\/v2\/pages\/538"}],"collection":[{"href":"https:\/\/tur-nieruchomosci.pl\/sklep\/wp-json\/wp\/v2\/pages"}],"about":[{"href":"https:\/\/tur-nieruchomosci.pl\/sklep\/wp-json\/wp\/v2\/types\/page"}],"author":[{"embeddable":true,"href":"https:\/\/tur-nieruchomosci.pl\/sklep\/wp-json\/wp\/v2\/users\/3"}],"replies":[{"embeddable":true,"href":"https:\/\/tur-nieruchomosci.pl\/sklep\/wp-json\/wp\/v2\/comments?post=538"}],"version-history":[{"count":11,"href":"https:\/\/tur-nieruchomosci.pl\/sklep\/wp-json\/wp\/v2\/pages\/538\/revisions"}],"predecessor-version":[{"id":556,"href":"https:\/\/tur-nieruchomosci.pl\/sklep\/wp-json\/wp\/v2\/pages\/538\/revisions\/556"}],"wp:attachment":[{"href":"https:\/\/tur-nieruchomosci.pl\/sklep\/wp-json\/wp\/v2\/media?parent=538"}],"curies":[{"name":"wp","href":"https:\/\/api.w.org\/{rel}","templated":true}]}}