{"id":16,"date":"2021-01-27T14:32:51","date_gmt":"2021-01-27T13:32:51","guid":{"rendered":"https:\/\/tur-nieruchomosci.pl\/sklep\/?post_type=product&#038;p=16"},"modified":"2022-06-17T14:56:45","modified_gmt":"2022-06-17T12:56:45","slug":"produkt-1","status":"publish","type":"product","link":"https:\/\/tur-nieruchomosci.pl\/sklep\/produkt\/produkt-1\/","title":{"rendered":"Niezb\u0119dnik narz\u0119dzi online &#8211; lista"},"content":{"rendered":"<p><strong>Kupujesz nieruchomo\u015b\u0107 i chcesz sprawdzi\u0107 jej parametry online? Oto co\u015b dla Ciebie!<\/strong><\/p>\n<p>Z t\u0105 list\u0105 narz\u0119dzi online mo\u017cesz mie\u0107 spokojn\u0105 g\u0142ow\u0119.<\/p>\n<p>Wszystkie najwa\u017cniejsze portale mapowe, oraz inne narz\u0119dzia, kt\u00f3re s\u0105 przydatne dla ka\u017cdej osoby sprzedaj\u0105cej, lub kupuj\u0105cej zosta\u0142y zgromadzone na tej w\u0142a\u015bnie li\u015bcie. Poza narz\u0119dziami og\u00f3lnopolskimi wymieniamy kilka najpopularniejszych narz\u0119dzi, kt\u00f3re s\u0105 charakterystyczne dla danego miasta, czy regionu.<\/p>\n<p>Dzi\u0119ki tej li\u015bcie mo\u017cesz wykona\u0107 \u015bmia\u0142y pierwszy krok w weryfikacji interesuj\u0105cej Ci\u0119 nieruchomo\u015bci. Co najwa\u017cniejsze, jest to dzia\u0142anie z poziomy Twojego komputera, wi\u0119c nie musisz traci\u0107 czasu na wycieczki w teren lub wizyty w urz\u0119dach.<\/p>\n<p>Pobierz niezb\u0119dnik narz\u0119dzi online i si\u0119gaj po niego za ka\u017cdym razem, gdy tylko b\u0119dzie on potrzebny.<\/p>\n","protected":false},"excerpt":{"rendered":"<p>Kupujesz nieruchomo\u015b\u0107 i chcesz sprawdzi\u0107 jej parametry online? Oto co\u015b dla Ciebie! Z t\u0105 list\u0105 narz\u0119dzi online mo\u017cesz mie\u0107 spokojn\u0105 g\u0142ow\u0119. Wszystkie najwa\u017cniejsze portale mapowe, oraz inne narz\u0119dzia, kt\u00f3re s\u0105 przydatne dla ka\u017cdej osoby sprzedaj\u0105cej, lub kupuj\u0105cej zosta\u0142y zgromadzone na tej w\u0142a\u015bnie li\u015bcie. Poza narz\u0119dziami og\u00f3lnopolskimi wymieniamy kilka najpopularniejszych narz\u0119dzi, kt\u00f3re s\u0105 charakterystyczne dla danego [&hellip;]<\/p>\n","protected":false},"featured_media":540,"comment_status":"open","ping_status":"closed","template":"","meta":{"bwfblock_default_font":""},"product_cat":[21],"product_tag":[],"_links":{"self":[{"href":"https:\/\/tur-nieruchomosci.pl\/sklep\/wp-json\/wp\/v2\/product\/16"}],"collection":[{"href":"https:\/\/tur-nieruchomosci.pl\/sklep\/wp-json\/wp\/v2\/product"}],"about":[{"href":"https:\/\/tur-nieruchomosci.pl\/sklep\/wp-json\/wp\/v2\/types\/product"}],"replies":[{"embeddable":true,"href":"https:\/\/tur-nieruchomosci.pl\/sklep\/wp-json\/wp\/v2\/comments?post=16"}],"wp:featuredmedia":[{"embeddable":true,"href":"https:\/\/tur-nieruchomosci.pl\/sklep\/wp-json\/wp\/v2\/media\/540"}],"wp:attachment":[{"href":"https:\/\/tur-nieruchomosci.pl\/sklep\/wp-json\/wp\/v2\/media?parent=16"}],"wp:term":[{"taxonomy":"product_cat","embeddable":true,"href":"https:\/\/tur-nieruchomosci.pl\/sklep\/wp-json\/wp\/v2\/product_cat?post=16"},{"taxonomy":"product_tag","embeddable":true,"href":"https:\/\/tur-nieruchomosci.pl\/sklep\/wp-json\/wp\/v2\/product_tag?post=16"}],"curies":[{"name":"wp","href":"https:\/\/api.w.org\/{rel}","templated":true}]}}