{"id":176,"date":"2021-04-16T16:44:12","date_gmt":"2021-04-16T14:44:12","guid":{"rendered":"https:\/\/tur-nieruchomosci.pl\/sklep\/?post_type=product&#038;p=176"},"modified":"2022-08-11T15:21:47","modified_gmt":"2022-08-11T13:21:47","slug":"20-krokow-do-zakupu-dzialki","status":"publish","type":"product","link":"https:\/\/tur-nieruchomosci.pl\/sklep\/produkt\/20-krokow-do-zakupu-dzialki\/","title":{"rendered":"20 krok\u00f3w do zakupu dzia\u0142ki"},"content":{"rendered":"<p><span style=\"font-weight: 400;\">W tej ksi\u0105\u017cce opisano wszystkie elementy, o kt\u00f3rych musisz wiedzie\u0107 chc\u0105c budowa\u0107 sw\u00f3j wymarzony dom.\u00a0<\/span><\/p>\n<p><strong>Dzi\u0119ki zdobytej wiedzy z \u0142atwo\u015bci\u0105 b\u0119dziesz m\u00f3g\u0142 zarz\u0105dza\u0107 budow\u0105. To nic strasznego!<\/strong><\/p>\n<p><span style=\"font-weight: 400;\">Koniec z nieudolnymi i nieuczciwymi podwykonawcami. <\/span><span style=\"font-weight: 400;\">To ksi\u0105\u017cka, <strong>o tym jak dobrze wybiera\u0107 sprawdzonych ekspert\u00f3w<\/strong> &#8211; jak negocjowa\u0107 i jak wyegzekwowa\u0107 najlepsze warunki.<\/span><\/p>\n<p><span style=\"font-weight: 400;\">Nie musisz si\u0119 zna\u0107 na wszystkim! Ale mo\u017cesz uczy\u0107 si\u0119 na czyi\u015b b\u0142\u0119dach.\u00a0<\/span><\/p>\n<p><strong>Buduj si\u0119 m\u0105drze!<\/strong><\/p>\n<p>&nbsp;<\/p>\n<hr \/>\n<p>&nbsp;<\/p>\n<p>Otrzymujesz:<\/p>\n<ul>\n<li><strong>wydanie papierowe (234 kolorowe strony, oprawa mi\u0119kka) ( II wydanie, rozszerzone )<\/strong><\/li>\n<li><strong>zestaw wzor\u00f3w um\u00f3w a tak\u017ce artyku\u0142 \u201cB\u0142\u0119dy przy projektach\u201d<\/strong><\/li>\n<\/ul>\n<p>&nbsp;<\/p>\n<p><b>Wysy\u0142amy zam\u00f3wienie natychmiast po zaksi\u0119gowaniu wp\u0142aty &#8211; Poczta Polska ( zazwyczaj 2 dni robocze )<\/b><\/p>\n<p>&nbsp;<\/p>\n<h4><strong><a href=\"https:\/\/szkolenia-nieruchomosci.pl\/wp-content\/uploads\/2019\/11\/fragmenty.pdf\">Kliknij tutaj aby pobra\u0107 fragment ksi\u0105\u017cki!<\/a><\/strong><\/h4>\n<p>&nbsp;<\/p>\n<hr \/>\n<p>NIE ZWLEKAJ &#8211; KUP TERAZ!<\/p>\n<hr \/>\n<p>\u2709 Je\u015bli masz pytania &#8211; zostaw wiadomo\u015b\u0107. Odpowiemy najszybciej jak to tylko mo\u017cliwe.<\/p>\n","protected":false},"excerpt":{"rendered":"<p>W tej ksi\u0105\u017cce opisano wszystkie elementy, o kt\u00f3rych musisz wiedzie\u0107 chc\u0105c budowa\u0107 sw\u00f3j wymarzony dom.\u00a0 Dzi\u0119ki zdobytej wiedzy z \u0142atwo\u015bci\u0105 b\u0119dziesz m\u00f3g\u0142 zarz\u0105dza\u0107 budow\u0105. To nic strasznego! Koniec z nieudolnymi i nieuczciwymi podwykonawcami. To ksi\u0105\u017cka, o tym jak dobrze wybiera\u0107 sprawdzonych ekspert\u00f3w &#8211; jak negocjowa\u0107 i jak wyegzekwowa\u0107 najlepsze warunki. Nie musisz si\u0119 zna\u0107 na [&hellip;]<\/p>\n","protected":false},"featured_media":177,"comment_status":"open","ping_status":"closed","template":"","meta":{"bwfblock_default_font":""},"product_cat":[17],"product_tag":[],"_links":{"self":[{"href":"https:\/\/tur-nieruchomosci.pl\/sklep\/wp-json\/wp\/v2\/product\/176"}],"collection":[{"href":"https:\/\/tur-nieruchomosci.pl\/sklep\/wp-json\/wp\/v2\/product"}],"about":[{"href":"https:\/\/tur-nieruchomosci.pl\/sklep\/wp-json\/wp\/v2\/types\/product"}],"replies":[{"embeddable":true,"href":"https:\/\/tur-nieruchomosci.pl\/sklep\/wp-json\/wp\/v2\/comments?post=176"}],"wp:featuredmedia":[{"embeddable":true,"href":"https:\/\/tur-nieruchomosci.pl\/sklep\/wp-json\/wp\/v2\/media\/177"}],"wp:attachment":[{"href":"https:\/\/tur-nieruchomosci.pl\/sklep\/wp-json\/wp\/v2\/media?parent=176"}],"wp:term":[{"taxonomy":"product_cat","embeddable":true,"href":"https:\/\/tur-nieruchomosci.pl\/sklep\/wp-json\/wp\/v2\/product_cat?post=176"},{"taxonomy":"product_tag","embeddable":true,"href":"https:\/\/tur-nieruchomosci.pl\/sklep\/wp-json\/wp\/v2\/product_tag?post=176"}],"curies":[{"name":"wp","href":"https:\/\/api.w.org\/{rel}","templated":true}]}}