{"id":57,"date":"2021-04-16T12:17:06","date_gmt":"2021-04-16T10:17:06","guid":{"rendered":"https:\/\/tur-nieruchomosci.pl\/sklep\/?post_type=product&#038;p=57"},"modified":"2022-08-11T15:19:17","modified_gmt":"2022-08-11T13:19:17","slug":"produkt-3","status":"publish","type":"product","link":"https:\/\/tur-nieruchomosci.pl\/sklep\/produkt\/produkt-3\/","title":{"rendered":"18 sposob\u00f3w na znalezienie nieruchomo\u015bci na flipa"},"content":{"rendered":"<p><span style=\"font-weight: 500;\">Ebook ten powsta\u0142 w wyniku najcz\u0119\u015bciej pojawiaj\u0105cych si\u0119 pyta\u0144 od os\u00f3b chc\u0105cych rozpocz\u0105\u0107 swoj\u0105 przygod\u0119 z\u00a0 handlem nieruchomo\u015bciami. Zawarta w nim wiedza to zar\u00f3wno oczywiste, jak i te bardziej nietypowe \u017ar\u00f3d\u0142a pozyskiwania ciekawych okazji inwestycyjnych. Ich przegl\u0105d pomo\u017ce w wybraniu takich sposob\u00f3w dzia\u0142ania, kt\u00f3re b\u0119d\u0105 najbardziej korzystne dla Twojego biznesu.<\/span><\/p>\n<hr \/>\n<p><strong>Otrzymujesz:<\/strong><\/p>\n<ul>\n<li>28 stron przepe\u0142nionych pomys\u0142ami, kt\u00f3re pomog\u0105 rozwin\u0105\u0107 Tw\u00f3j biznes;<\/li>\n<li>Opis wad i zalet poszczeg\u00f3lnych sposob\u00f3w pozyskiwania okazji;<\/li>\n<li>Podpowiedzi odno\u015bnie zwi\u0119kszenia skuteczno\u015bci prowadzonych ju\u017c dzia\u0142a\u0144;<\/li>\n<li>Natychmiastowy dost\u0119p do ebooka.<\/li>\n<\/ul>\n<hr \/>\n<p><strong>Dlaczego warto?<\/strong><\/p>\n<ul>\n<li>Gdy ka\u017cdy szuka okazji &#8211; trzeba by\u0107 szybszym, lub skuteczniejszym. Dowiedz si\u0119 jak!<\/li>\n<li>Nowe sposoby dzia\u0142ania, jak i dodatkowe strategie, kt\u00f3re mog\u0105 uzupe\u0142ni\u0107 Twoje dotychczasowe metody pracy.<\/li>\n<li>Dobry biznes nigdy nie opiera si\u0119 tylko na jednym \u017ar\u00f3dle zarobku. Pozyskuj okazje na r\u00f3\u017cne sposoby!<\/li>\n<\/ul>\n<hr \/>\n<p><strong>Co wyr\u00f3\u017cnia t\u0119 pozycj\u0119 na tle innych?<\/strong><\/p>\n<p>To podstawowy opis r\u00f3\u017cnych koncepcji, kt\u00f3re mog\u0105 by\u0107 zastosowane przez osoby zainteresowane handlem mieszkaniami. Wdro\u017cenie kombinacji kilku zawartych w ebooku pomys\u0142\u00f3w zapewni Ci zr\u00f3wnowa\u017cony dop\u0142yw okazji. Dzi\u0119ki temu, je\u015bli kt\u00f3ra\u015b z metod przestanie dzia\u0142a\u0107, lub co\u015b si\u0119 zmieni na rynku, Ty nie zostaniesz z niczym.<\/p>\n<hr \/>\n<p>&nbsp;<\/p>\n<p><strong>Autor:\u00a0<\/strong><\/p>\n<p class=\"title style-scope ytd-video-primary-info-renderer\"><strong>Krzysztof Derdzikowski <\/strong>&#8211; Z rynkiem nieruchomo\u015bci zwi\u0105zany od 2006 roku. Do\u015bwiadczenie zbiera\u0142 podczas pracy dla najwi\u0119kszego biura nieruchomo\u015bci w kraju, jak i podczas rozwijania lokalnych oddzia\u0142\u00f3w kilku nowych firmy w bran\u017cy. Aktualnie Manager Ds. Strategii I Relacji Inwestorskich w Tur Nieruchomo\u015bci. Autor bran\u017cowych tekst\u00f3w i poradnik\u00f3w w lokalnych mediach internetowych oraz drukowanych. Po\u015brednik, doradca, szkoleniowiec. Prywatnie fan nowych rozwi\u0105za\u0144 IT w bran\u017cy nieruchomo\u015bci i marketingu internetowego.<\/p>\n<p>&nbsp;<\/p>\n<hr \/>\n<p>NIE ZWLEKAJ &#8211; KUP TERAZ!<\/p>\n<hr \/>\n<p>\u2709 Je\u015bli masz pytania &#8211; zostaw wiadomo\u015b\u0107. Odpowiemy w przeci\u0105gu 24h.<\/p>\n<p>&nbsp;<\/p>\n<p>&nbsp;<\/p>\n","protected":false},"excerpt":{"rendered":"<p>Ebook ten powsta\u0142 w wyniku najcz\u0119\u015bciej pojawiaj\u0105cych si\u0119 pyta\u0144 od os\u00f3b chc\u0105cych rozpocz\u0105\u0107 swoj\u0105 przygod\u0119 z\u00a0 handlem nieruchomo\u015bciami. Zawarta w nim wiedza to zar\u00f3wno oczywiste, jak i te bardziej nietypowe \u017ar\u00f3d\u0142a pozyskiwania ciekawych okazji inwestycyjnych. Ich przegl\u0105d pomo\u017ce w wybraniu takich sposob\u00f3w dzia\u0142ania, kt\u00f3re b\u0119d\u0105 najbardziej korzystne dla Twojego biznesu. Otrzymujesz: 28 stron przepe\u0142nionych pomys\u0142ami, [&hellip;]<\/p>\n","protected":false},"featured_media":58,"comment_status":"open","ping_status":"closed","template":"","meta":{"bwfblock_default_font":""},"product_cat":[17],"product_tag":[],"_links":{"self":[{"href":"https:\/\/tur-nieruchomosci.pl\/sklep\/wp-json\/wp\/v2\/product\/57"}],"collection":[{"href":"https:\/\/tur-nieruchomosci.pl\/sklep\/wp-json\/wp\/v2\/product"}],"about":[{"href":"https:\/\/tur-nieruchomosci.pl\/sklep\/wp-json\/wp\/v2\/types\/product"}],"replies":[{"embeddable":true,"href":"https:\/\/tur-nieruchomosci.pl\/sklep\/wp-json\/wp\/v2\/comments?post=57"}],"wp:featuredmedia":[{"embeddable":true,"href":"https:\/\/tur-nieruchomosci.pl\/sklep\/wp-json\/wp\/v2\/media\/58"}],"wp:attachment":[{"href":"https:\/\/tur-nieruchomosci.pl\/sklep\/wp-json\/wp\/v2\/media?parent=57"}],"wp:term":[{"taxonomy":"product_cat","embeddable":true,"href":"https:\/\/tur-nieruchomosci.pl\/sklep\/wp-json\/wp\/v2\/product_cat?post=57"},{"taxonomy":"product_tag","embeddable":true,"href":"https:\/\/tur-nieruchomosci.pl\/sklep\/wp-json\/wp\/v2\/product_tag?post=57"}],"curies":[{"name":"wp","href":"https:\/\/api.w.org\/{rel}","templated":true}]}}