{"id":711,"date":"2021-04-30T15:23:20","date_gmt":"2021-04-30T13:23:20","guid":{"rendered":"https:\/\/tur-nieruchomosci.pl\/sklep\/?post_type=product&#038;p=711"},"modified":"2022-08-08T17:24:23","modified_gmt":"2022-08-08T15:24:23","slug":"inwestowanie-w-mieszkania","status":"publish","type":"product","link":"https:\/\/tur-nieruchomosci.pl\/sklep\/produkt\/inwestowanie-w-mieszkania\/","title":{"rendered":"Inwestowanie w mieszkania"},"content":{"rendered":"<p><strong>Dlaczego warto uczestniczy\u0107 w tym szkoleniu?<\/strong><\/p>\n<p>Trzech prelegent\u00f3w to trzy spojrzenia na omawiane zagadnienia. Poznasz sposoby dzia\u0142ania osoby kupuj\u0105cej, jak i podnajmuj\u0105cej. Dowiesz si\u0119 jak pracowa\u0107 z w\u0142a\u015bcicielem, a jak z najemc\u0105. W sam raz dla ka\u017cdego kto chce skutecznie inwestowa\u0107 w nieruchomo\u015bci. Tw\u00f3j udzia\u0142 w tym szkoleniu spowoduje, \u017ce nie przeoczysz ju\u017c \u017cadnej okazji.<\/p>\n<p><strong>Kim s\u0105 prelegenci?<\/strong><\/p>\n<p>Maciej Bis to osoba rozpoznawalna g\u0142\u00f3wnie w\u015br\u00f3d profesjonalnych inwestor\u00f3w w nieruchomo\u015bci. Jego analizy rynkowe pozwalaj\u0105 w bardzo szybki spos\u00f3b odkry\u0107 prawdziw\u0105 warto\u015b\u0107 nieruchomo\u015b\u0107, oraz obliczy\u0107 przy jakiej cenie uda si\u0119 j\u0105 szybko sprzeda\u0107. Je\u015bli my\u015blisz powa\u017cnie o inwestowaniu w nieruchomo\u015bci, to nie mo\u017cesz sobie pozwoli\u0107 na przej\u015bcie oboj\u0119tnie obok wiedzy, kt\u00f3r\u0105 si\u0119 dzieli.<\/p>\n<p>Artur Kucharzyk to autor pierwszej w Polsce ksi\u0105\u017cki o podnajmie: \u201ePodnajem od A do Z: Poradnik nie tylko dla podnajemc\u00f3w\u201d. W\u0142a\u015bciciel firmy Develocus, kt\u00f3ra zajmuje si\u0119 w\u0142a\u015bnie podnajmem, ale dzia\u0142a r\u00f3wnie\u017c w modelu franczyzowym. Tw\u00f3rca i lider rzeszowskiego oddzia\u0142u stowarzyszenia &#8220;Mieszkanicznik&#8221;. Prywatnie oraz zawodowo propagator wolno\u015bci finansowej.<\/p>\n<p>Szkolenie poprowadzi\u0142 Krzysztof Derdzikowski posiadaj\u0105cy wieloletnie do\u015bwiadczenie w inwestycjach w grunty. Wyk\u0142adowca mi\u0119dzy innymi na takich bran\u017cowych wydarzeniach jak kurs ASBIRO, Recamp, Potencja\u0142 Kamienic, Handel Mieszkaniami Grzegorza Grabowskiego, Szkolenia z pozyskiwania i obs\u0142ugi trudnych nieruchomo\u015bci Jerzego Sempowicza i Dawida Dudka. Pasjonat trudnych przypadk\u00f3w i sytuacji niemo\u017cliwych do wybrni\u0119cia. Dzi\u0119ki kreatywnemu podej\u015bciu ka\u017cde wyzwanie zmienia si\u0119 w jego r\u0119kach z problemu w kolejn\u0105 nieruchomo\u015bciow\u0105 przygod\u0119.<\/p>\n<p><strong>Jak uzyska\u0107 dost\u0119p do szkolenia?<\/strong><\/p>\n<p>Po zakupie produktu zyskasz dost\u0119p do zaplanowanych lekcji poprzez zak\u0142adk\u0119 &#8220;Moje szkolenia&#8221;. Dodatkowo przed ka\u017cdym webinarem otrzymasz link do bie\u017c\u0105cego spotkania. Ka\u017cdy uczestnik zyskuje r\u00f3wnie\u017c mo\u017cliwo\u015b\u0107 udzia\u0142u w podsumowuj\u0105cym zamkni\u0119tym webinarze organizowanym dla uczestnik\u00f3w naszych szkole\u0144. Webinary takie organizujemy co jaki\u015b czas w grupie zrzeszaj\u0105cej absolwent\u00f3w szkole\u0144.<\/p>\n<p><strong>O czym b\u0119dziemy m\u00f3wi\u0107?<\/strong><\/p>\n<ul>\n<li>Dzie\u0144 1 &#8211; Od czego zacz\u0105\u0107?<\/li>\n<\/ul>\n<p>Wprowadzenie do inwestowania w mieszkania. Prezentacja prelegent\u00f3w, oraz przedstawienie historii kilku sukces\u00f3w jak i pora\u017cek na rynku mieszkaniowym.<\/p>\n<ul>\n<li>Dzie\u0144 2 &#8211; Flip, czyli gra o cen\u0119.<\/li>\n<\/ul>\n<p>Jaka powinna by\u0107 cena mieszkania, aby da\u0142o si\u0119 na mim zarobi\u0107? Jak zapanowa\u0107 nad kosztami remontu? Jak d\u0142ugo trwa taka inwestycja? Jak du\u017cy wp\u0142yw na powodzenie inwestycji mo\u017ce mog\u0105 mie\u0107 nieoczekiwane zmiany trend\u00f3w rynkowych?<\/p>\n<ul>\n<li>Dzie\u0144 3 &#8211; Najem d\u0142ugoterminowy.<\/li>\n<\/ul>\n<p>Dlaczego najem d\u0142ugoterminowy jest najpopularniejszym sposobem na zarabianie na nieruchomo\u015bciach w\u015br\u00f3d os\u00f3b pocz\u0105tkuj\u0105cych? Czy z d\u0142ugiego terminu da si\u0119 wyci\u0105gn\u0105\u0107 jeszcze wi\u0119cej? Dlaczego czasem op\u0142aca si\u0119 sprzeda\u0107 mieszkanie i kupi\u0107 za pozyskane \u015brodki kolejne?<\/p>\n<ul>\n<li>Dzie\u0144 4 &#8211; Najem kr\u00f3tkoterminowy.<\/li>\n<\/ul>\n<p>O podziale mieszka\u0144 na pokoje oraz mikrokawalerki. Jakie ryzyka niesie za sob\u0105 takie dzia\u0142anie? O ile wi\u0119cej mo\u017cna zarobi\u0107 na najmie kr\u00f3tkoterminowym ni\u017c w przypadku najmu d\u0142ugoterminowego?<\/p>\n<ul>\n<li>Dzie\u0144 5 &#8211; Podnajem.<\/li>\n<\/ul>\n<p>O zarabianiu na nieswoich nieruchomo\u015bciach. Jak znale\u017a\u0107 w\u0142a\u015bciciela ch\u0119tnego do wsp\u00f3\u0142pracy? Przy jakiej skali podnajmu jest to op\u0142acalne przedsi\u0119wzi\u0119cie?<\/p>\n<ul>\n<li>Dzie\u0144 6 &#8211; Lokatorzy.<\/li>\n<\/ul>\n<p>Jak powinny wygl\u0105da\u0107 warunki dobrej umowy najmu? Jak unika\u0107 k\u0142opot\u00f3w z lokatorami? Czy lokatora mo\u017cna zweryfikowa\u0107 przed podpisaniem umowy najmu? Jak reagowa\u0107 w przypadku problem\u00f3w z p\u0142atno\u015bciami?<\/p>\n<ul>\n<li>Dzie\u0144 7 &#8211; Lista kontrolna zakupu mieszkania.<\/li>\n<\/ul>\n<p>Podsumowanie wiedzy zebranej z wszystkich poprzednich spotka\u0144, oraz om\u00f3wienie wszystkich punkt\u00f3w na jakie nale\u017cy zwr\u00f3ci\u0107 uwag\u0119 podczas inwestycji w mieszkanie.<\/p>\n<p><strong>Ile trwa to szkolenie?<\/strong><\/p>\n<p>Ca\u0142e szkolenie sk\u0142ada si\u0119 z siedmiu odcink\u00f3w, kt\u00f3rych \u0142\u0105czny czas trwania to 663 minuty.<\/p>\n<p><strong>Jakie s\u0105 dodatkowe korzy\u015bci dla uczestnik\u00f3w szkolenia online?<\/strong><\/p>\n<p>Po zakupie szkolenia otrzymujesz dost\u0119p do grupy, kt\u00f3ra stanowi nasze wewn\u0119trzne forum wsparcia dla wszystkich uczestnik\u00f3w naszych szkole\u0144. To nie tylko kontakt z prelegentami, ale i osobami, kt\u00f3re podobnie jak Ty realizuj\u0105 swoje inwestycje i szukaj\u0105 sposob\u00f3w na ich skuteczn\u0105 optymalizacj\u0119. Dodatkowo uczestnicy otrzymaj\u0105 materia\u0142y do pobrania\/wydrukowania, kt\u00f3re systematyzuj\u0105 informacje przekazane podczas tego szkolenia.<\/p>\n","protected":false},"excerpt":{"rendered":"<p>Ilo\u015b\u0107 odcink\u00f3w: 7<br \/>\n\u0141\u0105czny czas trwania: 663 minuty<br \/>\nPrelegenci: Artur Kucharzyk, Maciej Bis, Krzysztof Derdzikowski<\/p>\n","protected":false},"featured_media":913,"comment_status":"open","ping_status":"closed","template":"","meta":{"bwfblock_default_font":""},"product_cat":[19,22],"product_tag":[],"_links":{"self":[{"href":"https:\/\/tur-nieruchomosci.pl\/sklep\/wp-json\/wp\/v2\/product\/711"}],"collection":[{"href":"https:\/\/tur-nieruchomosci.pl\/sklep\/wp-json\/wp\/v2\/product"}],"about":[{"href":"https:\/\/tur-nieruchomosci.pl\/sklep\/wp-json\/wp\/v2\/types\/product"}],"replies":[{"embeddable":true,"href":"https:\/\/tur-nieruchomosci.pl\/sklep\/wp-json\/wp\/v2\/comments?post=711"}],"wp:featuredmedia":[{"embeddable":true,"href":"https:\/\/tur-nieruchomosci.pl\/sklep\/wp-json\/wp\/v2\/media\/913"}],"wp:attachment":[{"href":"https:\/\/tur-nieruchomosci.pl\/sklep\/wp-json\/wp\/v2\/media?parent=711"}],"wp:term":[{"taxonomy":"product_cat","embeddable":true,"href":"https:\/\/tur-nieruchomosci.pl\/sklep\/wp-json\/wp\/v2\/product_cat?post=711"},{"taxonomy":"product_tag","embeddable":true,"href":"https:\/\/tur-nieruchomosci.pl\/sklep\/wp-json\/wp\/v2\/product_tag?post=711"}],"curies":[{"name":"wp","href":"https:\/\/api.w.org\/{rel}","templated":true}]}}