{"id":714,"date":"2021-04-30T15:25:39","date_gmt":"2021-04-30T13:25:39","guid":{"rendered":"https:\/\/tur-nieruchomosci.pl\/sklep\/?post_type=product&#038;p=714"},"modified":"2022-08-07T00:35:36","modified_gmt":"2022-08-06T22:35:36","slug":"inwestowanie-na-rynku-pierwotnym","status":"publish","type":"product","link":"https:\/\/tur-nieruchomosci.pl\/sklep\/produkt\/inwestowanie-na-rynku-pierwotnym\/","title":{"rendered":"Inwestowanie na rynku pierwotnym"},"content":{"rendered":"<p><strong>Dlaczego warto uczestniczy\u0107 w tym szkoleniu?<\/strong><\/p>\n<p>Dw\u00f3ch skutecznych inwestor\u00f3w kontra celne pytania prowadz\u0105cego, oraz uczestnik\u00f3w. Poznasz sposoby dzia\u0142ania osoby inwestuj\u0105cej na rynku pierwotny. W sam raz dla ka\u017cdego kto poszukuje odskoczni od du\u017cej konkurencji na rynku wt\u00f3rnym. Tw\u00f3j udzia\u0142 w tym szkoleniu spowoduje, \u017ce zupe\u0142nie innym okiem spojrzysz na perspektywy jakie p\u0142yn\u0105 z inwestowania w mieszkania od dewelopera.<\/p>\n<p><strong>Kim s\u0105 prelegenci?<\/strong><\/p>\n<p>Patryk So\u0142tysiak oraz Maciej Welman to duet znany z projektu pod mark\u0105 Flip Na Pierwotnym. To osoby, kt\u00f3re w pierwszej kolejno\u015bci przychodz\u0105 na my\u015bl ka\u017cdemu, kto tylko my\u015bli o zakupie mieszkania od dewelopera w celu jego p\u00f3\u017aniejszej odsprzeda\u017cy. Mo\u017cesz zrobi\u0107 to sam, ale lepiej zrobi\u0107 to z Patrykiem i Maciejem. Przy wykorzystaniu tego samego bud\u017cetu, kt\u00f3ry do tej pory przeznacza\u0142e\u015b\/a\u015b na inwestycje na rynku wt\u00f3rnym jeste\u015b w stanie osi\u0105gn\u0105\u0107 wielokrotno\u015b\u0107 Twojego dotychczasowego zysku z flipowania.<\/p>\n<p>Szkolenie poprowadzi\u0142 Krzysztof Derdzikowski posiadaj\u0105cy wieloletnie do\u015bwiadczenie w inwestycjach w grunty. Wyk\u0142adowca mi\u0119dzy innymi na takich bran\u017cowych wydarzeniach jak kurs ASBIRO, Recamp, Potencja\u0142 Kamienic, Handel Mieszkaniami Grzegorza Grabowskiego, Szkolenia z pozyskiwania i obs\u0142ugi trudnych nieruchomo\u015bci Jerzego Sempowicza i Dawida Dudka. Pasjonat trudnych przypadk\u00f3w i sytuacji niemo\u017cliwych do wybrni\u0119cia. Dzi\u0119ki kreatywnemu podej\u015bciu ka\u017cde wyzwanie zmienia si\u0119 w jego r\u0119kach z problemu w kolejn\u0105 nieruchomo\u015bciow\u0105 przygod\u0119.<\/p>\n<p><strong>Jak uzyska\u0107 dost\u0119p do szkolenia?<\/strong><\/p>\n<p>Po zakupie produktu zyskasz dost\u0119p do zaplanowanych lekcji poprzez zak\u0142adk\u0119 &#8220;Moje szkolenia&#8221;. Dodatkowo przed ka\u017cdym webinarem otrzymasz link do bie\u017c\u0105cego spotkania. Ka\u017cdy uczestnik zyskuje r\u00f3wnie\u017c mo\u017cliwo\u015b\u0107 udzia\u0142u w podsumowuj\u0105cym zamkni\u0119tym webinarze organizowanym dla uczestnik\u00f3w naszych szkole\u0144. Webinary takie organizujemy co jaki\u015b czas w grupie zrzeszaj\u0105cej absolwent\u00f3w szkole\u0144.<\/p>\n<p><strong>O czym b\u0119dziemy m\u00f3wi\u0107?<\/strong><\/p>\n<ul>\n<li>Dzie\u0144 1 &#8211; Od czego zacz\u0105\u0107?<\/li>\n<\/ul>\n<p>Wprowadzenie do inwestowania w mieszkania na rynku pierwotnym. Prezentacja prelegent\u00f3w, oraz przedstawienie historii kilku sukces\u00f3w jak i pora\u017cek na rynku mieszkaniowym. Spotkanie to jest zapisem zamkni\u0119tego webinaru &#8220;Inwestowanie na rynku pierwotnym&#8221; z go\u015bcinnym udzia\u0142em Zbigniewa Cendrowskiego.<\/p>\n<ul>\n<li>Dzie\u0144 2 &#8211; Jak inwestowa\u0107 w czasie kryzysu?<\/li>\n<\/ul>\n<p>Jaka powinna by\u0107 cena mieszkania, aby da\u0142o si\u0119 na mim zarobi\u0107? Jak zapanowa\u0107 nad kosztami remontu? Jak d\u0142ugo trwa taka inwestycja? Jak du\u017cy wp\u0142yw na powodzenie inwestycji mo\u017ce mog\u0105 mie\u0107 nieoczekiwane zmiany trend\u00f3w rynkowych?<\/p>\n<ul>\n<li>Dzie\u0144 3 &#8211; Case Study.<\/li>\n<\/ul>\n<p>Om\u00f3wienie kilku gotowych transakcji prezentuj\u0105cych przekr\u00f3j mo\u017cliwo\u015bci inwestycyjnych jakie niesie ze sob\u0105 rynek pierwotny.<\/p>\n<ul>\n<li>Dzie\u0144 4 &#8211; Negocjacje.<\/li>\n<\/ul>\n<p>Czy z deweloperem da si\u0119 negocjowa\u0107? Czy cena to jedyny czynnik, kt\u00f3ry warto wzi\u0105\u0107 pod uwag\u0119? Czy deweloper jest tylko sprzedawc\u0105, czy te\u017c partnerem w interesach?<\/p>\n<ul>\n<li>Dzie\u0144 5 &#8211; Q&amp;A.<\/li>\n<\/ul>\n<p>Podsumowanie wiedzy zebranej z wszystkich poprzednich spotka\u0144, oraz om\u00f3wienie wszystkich punkt\u00f3w na jakie nale\u017cy zwr\u00f3ci\u0107 uwag\u0119 podczas inwestycji w mieszkanie.<\/p>\n<p><strong>Ile trwa to szkolenie?<\/strong><\/p>\n<p>Ca\u0142e szkolenie sk\u0142ada si\u0119 z pi\u0119ciu odcink\u00f3w, kt\u00f3rych \u0142\u0105czny czas trwania to oko\u0142o 400 minut.<\/p>\n<p><strong>Jakie s\u0105 dodatkowe korzy\u015bci dla uczestnik\u00f3w szkolenia online?<\/strong><\/p>\n<p>Po zakupie szkolenia otrzymujesz dost\u0119p do grupy, kt\u00f3ra stanowi nasze wewn\u0119trzne forum wsparcia dla wszystkich uczestnik\u00f3w naszych szkole\u0144. To nie tylko kontakt z prelegentami, ale i osobami, kt\u00f3re podobnie jak Ty realizuj\u0105 swoje inwestycje i szukaj\u0105 sposob\u00f3w na ich skuteczn\u0105 optymalizacj\u0119.<\/p>\n","protected":false},"excerpt":{"rendered":"<p>Szukasz wskaz\u00f3wek jak inwestowa\u0107 na rynku pierwotnym? \u015awietnie si\u0119 sk\u0142ada &#8211; mamy co\u015b dla Ciebie!<\/p>\n<p>Termin: otrzymujesz natychmiastowy dost\u0119p do odcink\u00f3w zarejestrowanych w formie wideo, oraz webinar\u00f3w, kt\u00f3re ju\u017c si\u0119 odby\u0142y.<br \/>\nIlo\u015b\u0107 odcink\u00f3w: 5<br \/>\n\u0141\u0105czny czas trwania: oko\u0142o 400 minut<\/p>\n<p>Prelegenci: Patryk So\u0142tysiak, Maciej Welman, Zbigniew Cendrowski, Krzysztof Derdzikowski<\/p>\n","protected":false},"featured_media":905,"comment_status":"open","ping_status":"closed","template":"","meta":{"bwfblock_default_font":""},"product_cat":[19,22],"product_tag":[],"_links":{"self":[{"href":"https:\/\/tur-nieruchomosci.pl\/sklep\/wp-json\/wp\/v2\/product\/714"}],"collection":[{"href":"https:\/\/tur-nieruchomosci.pl\/sklep\/wp-json\/wp\/v2\/product"}],"about":[{"href":"https:\/\/tur-nieruchomosci.pl\/sklep\/wp-json\/wp\/v2\/types\/product"}],"replies":[{"embeddable":true,"href":"https:\/\/tur-nieruchomosci.pl\/sklep\/wp-json\/wp\/v2\/comments?post=714"}],"wp:featuredmedia":[{"embeddable":true,"href":"https:\/\/tur-nieruchomosci.pl\/sklep\/wp-json\/wp\/v2\/media\/905"}],"wp:attachment":[{"href":"https:\/\/tur-nieruchomosci.pl\/sklep\/wp-json\/wp\/v2\/media?parent=714"}],"wp:term":[{"taxonomy":"product_cat","embeddable":true,"href":"https:\/\/tur-nieruchomosci.pl\/sklep\/wp-json\/wp\/v2\/product_cat?post=714"},{"taxonomy":"product_tag","embeddable":true,"href":"https:\/\/tur-nieruchomosci.pl\/sklep\/wp-json\/wp\/v2\/product_tag?post=714"}],"curies":[{"name":"wp","href":"https:\/\/api.w.org\/{rel}","templated":true}]}}