{"id":787,"date":"2022-06-17T12:09:20","date_gmt":"2022-06-17T10:09:20","guid":{"rendered":"https:\/\/tur-nieruchomosci.pl\/sklep\/?post_type=product&#038;p=787"},"modified":"2022-08-08T17:41:53","modified_gmt":"2022-08-08T15:41:53","slug":"konsultacja-aleh-tur","status":"publish","type":"product","link":"https:\/\/tur-nieruchomosci.pl\/sklep\/produkt\/konsultacja-aleh-tur\/","title":{"rendered":"KONSULTACJA &#8211; SPRZEDA\u017b\/NABYCIE NIERUCHOMO\u015aCI"},"content":{"rendered":"<p><strong>Prowadz\u0119 konsultacj\u0119 z zakresu:<\/strong><\/p>\n<ul>\n<li>przeprowadzenia transakcji kupna-sprzeda\u017cy nieruchomo\u015bci,<\/li>\n<li>za\u0142o\u017cenia i prowadzenia biura nieruchomo\u015bci,<\/li>\n<li>wdro\u017cenia efektywnej strategii sprzeda\u017cy,<\/li>\n<li>marketingu i automatyzacji<\/li>\n<\/ul>\n<p><strong>Dlaczego warto?<\/strong><\/p>\n<p>Znasz teori\u0119, lecz brakuje Ci praktyki? Kto\u015b obieca\u0142 Ci \u015bwietne wyniki z kampanii sprzeda\u017cowej, lecz klient\u00f3w brak? Zadzwo\u0144! Porozmawiamy i ustalimy najbardziej optymalny spos\u00f3b rozwi\u0105zania problemu. Godzina mojego czasu nale\u017cy tylko do Ciebie.<\/p>\n<p><strong>Z kim porozmawiasz?<\/strong><\/p>\n<p>Na Twoje pytania odpowie Aleh Tur. Po\u015brednik, inwestor, w\u0142a\u015bciciel pr\u0119\u017cnie dzia\u0142aj\u0105cego biura nieruchomo\u015bci. Efekty swoich dzia\u0142a\u0144 zawdzi\u0119cza w znacznej mierze doskona\u0142emu wykorzystaniu marketingu internetowego. Budowanie skutecznych lejk\u00f3w sprzeda\u017cowych, automatyzacja, optymalizacja bud\u017cet\u00f3w na promocj\u0119, wykorzystanie nowoczesnych narz\u0119dzi, lub tworzenie w\u0142asnych to dla niego chleb powszedni. Je\u015bli chcesz prowadzi\u0107 skuteczny marketing na rynku nieruchomo\u015bci, a przede wszystkim chcesz wiedzie\u0107, kt\u00f3re z Twoich dzia\u0142a\u0144 przynosz\u0105 efekty, oraz jak si\u0119 one przek\u0142adaj\u0105 na doch\u00f3d to koniecznie um\u00f3w si\u0119 na konsultacj\u0119.<\/p>\n<p><strong>O co najcz\u0119\u015bciej pytaj\u0105 inni?<\/strong><\/p>\n<ul>\n<li>jak zaplanowa\u0107 dzia\u0142ania marketingowe biura nieruchomo\u015bci?<\/li>\n<li>czym r\u00f3\u017cni si\u0119 marketing po\u015brednika od marketingu inwestora?<\/li>\n<li>jak kreowa\u0107 produkty, kt\u00f3re \u0142atwo znajd\u0105 odbiorc\u00f3w?<\/li>\n<li>jak uzyska\u0107 wiedz\u0119 o nieruchomo\u015bciach, kt\u00f3re na danym rynku najlepiej si\u0119 sprzedadz\u0105?<\/li>\n<li>jak zmierzy\u0107 sk\u0105d przychodz\u0105 klienci, oraz ile to kosztuje?<\/li>\n<li>jak znale\u017a\u0107 klient\u00f3w podobnych do tych, kt\u00f3rych ju\u017c obs\u0142ugujesz?<\/li>\n<\/ul>\n<p><strong>Jak przygotowa\u0107 si\u0119 do rozmowy?<\/strong><\/p>\n<p>Przygotuj znane Ci informacje o nieruchomo\u015bci, kt\u00f3ra ma by\u0107 przedmiotem naszej rozmowy. W przypadku nieruchomo\u015bci gruntowych b\u0119dzie to lokalizacja oraz numer ewidencyjny dzia\u0142ki. Zastan\u00f3w si\u0119, jaki jest cel konsultacji. Podczas sk\u0142adania zam\u00f3wienia podaj swoje dane kontaktowe, aby\u015bmy mogli ustali\u0107 dogodny termin na rozmow\u0119. Mo\u017cemy komunikowa\u0107 si\u0119 za pomoc\u0105 telefonu, Skype, WhatsApp, Messengera lub poprzez dowolne inne narz\u0119dzie, kt\u00f3re pozwoli nam swobodnie wymieni\u0107 informacje.<\/p>\n<p>&nbsp;<\/p>\n<p>UWAGA: ze wzgl\u0119du na charakter us\u0142ugi prosimy o kontakt przed jej zakupem.<\/p>\n","protected":false},"excerpt":{"rendered":"<p><strong>Potrzebujesz merytorycznego wsparcia? Czujesz, \u017ce utkn\u0105\u0142e\u015b? Chcesz pracowa\u0107 efektywniej i zarabia\u0107 wi\u0119cej? Zapraszam Ci\u0119 na godzinn\u0105 konsultacj\u0119, w trakcie kt\u00f3rej pomog\u0119 Ci rozwi\u0105za\u0107 Tw\u00f3j problem!<\/strong><\/p>\n<p>Profesjonalna konsultacja to us\u0142uga, z kt\u00f3rej mo\u017cesz skorzysta\u0107, gdy potrzebujesz szybkiej, konkretnej i eksperckiej porady.<\/p>\n<p>Wystarczy, \u017ce um\u00f3wisz si\u0119 z nami na dogodny dla Ciebie termin.<\/p>\n<p>Czas trwania konsultacji to<strong> 60 min.<\/strong><\/p>\n<p>&nbsp;<\/p>\n<p>&nbsp;<\/p>\n","protected":false},"featured_media":822,"comment_status":"open","ping_status":"closed","template":"","meta":{"bwfblock_default_font":""},"product_cat":[36],"product_tag":[],"_links":{"self":[{"href":"https:\/\/tur-nieruchomosci.pl\/sklep\/wp-json\/wp\/v2\/product\/787"}],"collection":[{"href":"https:\/\/tur-nieruchomosci.pl\/sklep\/wp-json\/wp\/v2\/product"}],"about":[{"href":"https:\/\/tur-nieruchomosci.pl\/sklep\/wp-json\/wp\/v2\/types\/product"}],"replies":[{"embeddable":true,"href":"https:\/\/tur-nieruchomosci.pl\/sklep\/wp-json\/wp\/v2\/comments?post=787"}],"wp:featuredmedia":[{"embeddable":true,"href":"https:\/\/tur-nieruchomosci.pl\/sklep\/wp-json\/wp\/v2\/media\/822"}],"wp:attachment":[{"href":"https:\/\/tur-nieruchomosci.pl\/sklep\/wp-json\/wp\/v2\/media?parent=787"}],"wp:term":[{"taxonomy":"product_cat","embeddable":true,"href":"https:\/\/tur-nieruchomosci.pl\/sklep\/wp-json\/wp\/v2\/product_cat?post=787"},{"taxonomy":"product_tag","embeddable":true,"href":"https:\/\/tur-nieruchomosci.pl\/sklep\/wp-json\/wp\/v2\/product_tag?post=787"}],"curies":[{"name":"wp","href":"https:\/\/api.w.org\/{rel}","templated":true}]}}