{"id":789,"date":"2022-06-17T12:13:05","date_gmt":"2022-06-17T10:13:05","guid":{"rendered":"https:\/\/tur-nieruchomosci.pl\/sklep\/?post_type=product&#038;p=789"},"modified":"2026-04-06T04:24:13","modified_gmt":"2026-04-06T02:24:13","slug":"konsultacja-z-krzysztofem-derdzikowskim","status":"publish","type":"product","link":"https:\/\/tur-nieruchomosci.pl\/sklep\/produkt\/konsultacja-z-krzysztofem-derdzikowskim\/","title":{"rendered":"KONSULATACJA -SPRZEDA\u017b\/NABYCIE NIERUCHOMO\u015aCI GRUNTOWYCH"},"content":{"rendered":"<p><strong>Prowadz\u0119 konsultacj\u0119 z zakresu:<\/strong><\/p>\n<ul>\n<li>okre\u015blenia potencja\u0142u inwestycyjnego gruntu<\/li>\n<li>zakupu b\u0105d\u017a sprzeda\u017cy nieruchomo\u015bci gruntowej<\/li>\n<li>weryfikacji stanu faktycznego danego gruntu b\u0105d\u017a przy dzieleniu dzia\u0142ek<\/li>\n<\/ul>\n<p><strong>Dlaczego warto?<\/strong><\/p>\n<p>Znasz teori\u0119, lecz brakuje Ci praktyki? Prowadzisz dzia\u0142ania, lecz nie wiesz jak dostosowa\u0107 je do zmieniaj\u0105cej si\u0119 sytuacji na rynku? Zadzwo\u0144! Porozmawiamy i ustalimy najbardziej optymalny spos\u00f3b rozwi\u0105zania Twojej zagadki. Godzina mojego czasu nale\u017cy tylko do Ciebie.<\/p>\n<p><strong>Z kim porozmawiasz?<\/strong><\/p>\n<p>Na Twoje pytania odpowie Krzysztof Derdzikowski posiadaj\u0105cy wieloletnie do\u015bwiadczenie w inwestycjach w grunty. Wyk\u0142adowca mi\u0119dzy innymi na takich bran\u017cowych wydarzeniach jak kurs ASBIRO, Recamp, Potencja\u0142 Kamienic, Handel Mieszkaniami Grzegorza Grabowskiego, Szkolenia z pozyskiwania i obs\u0142ugi trudnych nieruchomo\u015bci Jerzego Sempowicza i Dawida Dudka. Pasjonat trudnych przypadk\u00f3w i sytuacji niemo\u017cliwych do wybrni\u0119cia. Dzi\u0119ki kreatywnemu podej\u015bciu ka\u017cde wyzwanie zmienia si\u0119 w jego r\u0119kach z problemu w kolejn\u0105 nieruchomo\u015bciow\u0105 przygod\u0119.<\/p>\n<p><strong>O co najcz\u0119\u015bciej pytaj\u0105 inni?<\/strong><\/p>\n<ul>\n<li>jak sprzeda\u0107 nieruchomo\u015b\u0107, kt\u00f3r\u0105 mam w spadku, aby najwi\u0119cej na tym zarobi\u0107?<\/li>\n<li>jak uzyska\u0107 decyzj\u0119 administracyjn\u0105, kt\u00f3rej brak blokuje moj\u0105 inwestycj\u0119?<\/li>\n<li>jak zabezpieczy\u0107 si\u0119 przed konsekwencjami negatywnych decyzji urz\u0119dnik\u00f3w podczas inwestycji w grunt?<\/li>\n<li>czy na mojej dzia\u0142ce da si\u0119 zrealizowa\u0107 planowan\u0105 przeze mnie inwestycj\u0119?<\/li>\n<li>czy istnieje szansa na odzyskanie nieruchomo\u015bci odebranych mojej rodzinie przez urz\u0119dnik\u00f3w lub na podstawie dekret\u00f3w?<\/li>\n<li>jak w moim przypadku uzyska\u0107 zgod\u0119 KOWR na zakup ziemi rolnej?<\/li>\n<li>czy grunt, kt\u00f3rym si\u0119 interesuje nie posiada wad, kt\u00f3re uniemo\u017cliwi\u0105 budow\u0119, inwestycj\u0119, podzia\u0142?<\/li>\n<\/ul>\n<p><strong>Jak przygotowa\u0107 si\u0119 do rozmowy?<\/strong><\/p>\n<p>Przygotuj znane Ci informacje o nieruchomo\u015bci, kt\u00f3ra ma by\u0107 przedmiotem naszej rozmowy. W przypadku nieruchomo\u015bci gruntowych b\u0119dzie to lokalizacja oraz numer ewidencyjny dzia\u0142ki. Zastan\u00f3w si\u0119, jaki jest cel konsultacji. Podczas sk\u0142adania zam\u00f3wienia podaj swoje dane kontaktowe, aby\u015bmy mogli ustali\u0107 dogodny termin na rozmow\u0119. Mo\u017cemy komunikowa\u0107 si\u0119 za pomoc\u0105 telefonu, Skype, WhatsApp, Messengera lub poprzez dowolne inne narz\u0119dzie, kt\u00f3re pozwoli nam swobodnie wymieni\u0107 informacje.<\/p>\n<p>UWAGA: ze wzgl\u0119du na charakter us\u0142ugi prosimy o kontakt przed jej zakupem.<\/p>\n","protected":false},"excerpt":{"rendered":"<p>Potrzebujesz merytorycznego wsparcia w sprawie grunt\u00f3w? Nie wiesz, czy kupuj\u0105c dany grunt wszystko sprawdzi\u0142e\u015b?\u00a0 A mo\u017ce szukasz wsparcia, bo jeste\u015b inwestorem? Je\u015bli tak &#8211; ten produkt jest dla Ciebie!<\/p>\n<p><strong>Profesjonalna konsultacja to us\u0142uga, z kt\u00f3rej mo\u017cesz skorzysta\u0107, gdy potrzebujesz szybkiej, konkretnej i eksperckiej porady.<\/strong><\/p>\n<p>Wystarczy, \u017ce um\u00f3wisz si\u0119 z nami na dogodny dla Ciebie termin.<\/p>\n<p>Czas trwania konsultacji to <strong>60 min.<\/strong><\/p>\n","protected":false},"featured_media":821,"comment_status":"open","ping_status":"closed","template":"","meta":{"bwfblock_default_font":""},"product_cat":[36],"product_tag":[],"_links":{"self":[{"href":"https:\/\/tur-nieruchomosci.pl\/sklep\/wp-json\/wp\/v2\/product\/789"}],"collection":[{"href":"https:\/\/tur-nieruchomosci.pl\/sklep\/wp-json\/wp\/v2\/product"}],"about":[{"href":"https:\/\/tur-nieruchomosci.pl\/sklep\/wp-json\/wp\/v2\/types\/product"}],"replies":[{"embeddable":true,"href":"https:\/\/tur-nieruchomosci.pl\/sklep\/wp-json\/wp\/v2\/comments?post=789"}],"wp:featuredmedia":[{"embeddable":true,"href":"https:\/\/tur-nieruchomosci.pl\/sklep\/wp-json\/wp\/v2\/media\/821"}],"wp:attachment":[{"href":"https:\/\/tur-nieruchomosci.pl\/sklep\/wp-json\/wp\/v2\/media?parent=789"}],"wp:term":[{"taxonomy":"product_cat","embeddable":true,"href":"https:\/\/tur-nieruchomosci.pl\/sklep\/wp-json\/wp\/v2\/product_cat?post=789"},{"taxonomy":"product_tag","embeddable":true,"href":"https:\/\/tur-nieruchomosci.pl\/sklep\/wp-json\/wp\/v2\/product_tag?post=789"}],"curies":[{"name":"wp","href":"https:\/\/api.w.org\/{rel}","templated":true}]}}