{"id":819,"date":"2022-06-17T16:22:20","date_gmt":"2022-06-17T14:22:20","guid":{"rendered":"https:\/\/tur-nieruchomosci.pl\/sklep\/?post_type=product&#038;p=819"},"modified":"2022-08-07T00:39:18","modified_gmt":"2022-08-06T22:39:18","slug":"obrot-nieruchomosciami-gruntowymi-warunki-zabudowy","status":"publish","type":"product","link":"https:\/\/tur-nieruchomosci.pl\/sklep\/produkt\/obrot-nieruchomosciami-gruntowymi-warunki-zabudowy\/","title":{"rendered":"Obr\u00f3t nieruchomo\u015bciami gruntowymi \u2013 warunki zabudowy"},"content":{"rendered":"<p>Czy wiesz, \u017ce wi\u0119kszo\u015b\u0107 grunt\u00f3w w Polsce nie jest pokryta MPZP (Miejscowym Planem Zagospodarowania Przestrzennego) i je\u015bli chcesz go zabudowa\u0107 musisz uzyska\u0107 warunki zabudowy?<\/p>\n<p>Czy wiesz, jak wygl\u0105da ta procedura?<\/p>\n<p>Je\u015bli nie, to doskonale trafi\u0142e\u015b, bo ten kurs pozwoli Ci pozna\u0107 procedur\u0119 uzyskania warunk\u00f3w zabudowy od A do Z<\/p>\n<h2><strong>Kurs: Jak uzyska\u0107 warunki zabudowy \u2013 dlaczego warto?<\/strong><\/h2>\n<p>Kurs online obr\u00f3t nieruchomo\u015bciami gruntowymi do\u00a0<strong>co najmniej 40 merytorycznych lekcji w formie wideo<\/strong>. Obejm\u0105 one takie tematy jak:<\/p>\n<ul>\n<li>Czym s\u0105 i do czego s\u0142u\u017c\u0105 warunki zabudowy?<\/li>\n<li>Jakie cechy musi posiada\u0107 dzia\u0142ka rolna, aby mo\u017cliwe by\u0142o uzyskanie warunk\u00f3w zabudowy?<\/li>\n<li>Jak si\u0119 ustala warunki zabudowy?<\/li>\n<li>Wniosek o warunki zabudowy i jego wype\u0142nienie.<\/li>\n<li>Jak wygl\u0105da procedura ustalania warunk\u00f3w zabudowy?<\/li>\n<li>Zabudowa jednorodzinna, zabudowa zagrodowa, oraz zabudowa budynkiem mieszkalnym do 70 metr\u00f3w kwadratowych powierzchni.<\/li>\n<li>Warunki zabudowy na gruntach o wysokiej klasie bonitacyjnej.<\/li>\n<li>Przeniesienie i zmiana decyzji o warunkach zabudowy.<\/li>\n<\/ul>\n<p>W ramach kursu mo\u017cesz te\u017c wzi\u0105\u0107<strong>\u00a0udzia\u0142 w spotkaniach na \u017cywo<\/strong>, a ich liczba b\u0119dzie uzale\u017cniona od potrzeb uczestnik\u00f3w kursu. Na pewno odb\u0119d\u0105 si\u0119 co najmniej dwa spotkania w formule Q&amp;A. Masz zatem mo\u017cliwo\u015b\u0107 na bie\u017c\u0105co dosta\u0107 odpowied\u017a na pytania, kt\u00f3re pojawi\u0105 si\u0119 podczas przerabiania materia\u0142\u00f3w kursowych. Je\u015bli nie b\u0119dziesz m\u00f3g\u0142 uczestniczy\u0107 w spotkaniu, to nie martw si\u0119, bo spotkanie b\u0119dzie nagrywane i pojawi si\u0119 w\u015br\u00f3d innych materia\u0142\u00f3w kursowych.<\/p>\n<p>Ka\u017cdy uczestnik otrzyma\u00a0<strong>materia\u0142y dodatkowe do pobrania<\/strong>, dzi\u0119ki kt\u00f3rym \u0142atwiej mu b\u0119dzie usystematyzowa\u0107 swoj\u0105 wiedz\u0119.<\/p>\n<p>Dodatkowym bonusem jest\u00a0<strong>dost\u0119p do grupy wsparcia<\/strong>, umo\u017cliwiaj\u0105cej kontakt z prelegentami oraz z innymi uczestnikami kursu. Dzi\u0119ki temu mo\u017cecie wzajemnie si\u0119 motywowa\u0107 do nauki, mierzycie si\u0119 z podobnymi wyzwaniami i mo\u017cecie dzieli\u0107 si\u0119 swoimi do\u015bwiadczenia.<\/p>\n<p>W przypadku zmiany przepis\u00f3w Kurs: Jak uzyska\u0107 warunki zabudowy b\u0119dzie aktualizowany, a ka\u017cdy uczestnik otrzyma dost\u0119p do nowych nagra\u0144 i materia\u0142\u00f3w powsta\u0142ych z tego powodu.<\/p>\n<h2>Kurs: Jak uzyska\u0107 warunki zabudowy \u2013 prowadz\u0105cy<\/h2>\n<p>Prowadz\u0105cym kurs: Jak uzyska\u0107 warunki zabudowy jest Sebastian Kwit. Z wykszta\u0142cenia urbanista, zawodowo urz\u0119dnik. Na co dzie\u0144 zajmuje si\u0119 warunkami zabudowy i planami zagospodarowania przestrzennego w jednej z polskich gmin. Po godzinach pracy pr\u0119\u017cnie rozwija swoj\u0105 dzia\u0142alno\u015b\u0107 w internecie i poza nim, w kt\u00f3rej skupia si\u0119 na pomocy w przekszta\u0142caniu dzia\u0142ek oraz edukacji w dziedzinie planowania przestrzennego. Ponadto stara si\u0119 r\u00f3wnie\u017c zmienia\u0107 negatywne postrzeganie urz\u0119dnik\u00f3w. Od niedawna r\u00f3wnie\u017c bloger.<\/p>\n<p>Spotkania z uczestnikami kursu na \u017cywo poprowadzi Krzysztof Derdzikowski posiadaj\u0105cy wieloletnie do\u015bwiadczenie w inwestycjach w grunty. Wyk\u0142adowca mi\u0119dzy innymi na takich bran\u017cowych wydarzeniach jak kurs MBA realizowany przez ASBIRO, Recamp, Potencja\u0142 Kamienic, Handel Mieszkaniami Grzegorza Grabowskiego, Szkolenia z pozyskiwania i obs\u0142ugi trudnych nieruchomo\u015bci Jerzego Sempowicza i Dawida Dudka. Pasjonat trudnych przypadk\u00f3w i sytuacji niemo\u017cliwych do wybrni\u0119cia. Dzi\u0119ki kreatywnemu podej\u015bciu ka\u017cde wyzwanie zmienia si\u0119 w jego r\u0119kach z problemu w kolejn\u0105 nieruchomo\u015bciow\u0105 przygod\u0119.<\/p>\n<h2>Kiedy startuje kurs: Jak uzyska\u0107 warunki zabudowy?<\/h2>\n<p>Chcemy przygotowa\u0107 dla Ciebie kurs na najwy\u017cszym poziomie, wi\u0119c nagrania trwaj\u0105. Planujemy ruszy\u0107 w po\u0142owie czerwca 2022 roku, ale nagrania mog\u0105 si\u0119 op\u00f3\u017ani\u0107 m.in. z powodu zmiany przepis\u00f3w.<\/p>\n<p>Po zakupie dostaniesz dost\u0119p do nagra\u0144 kursu (zak\u0142adka moje szkolenia) oraz wszelkie informacje na temat grupy i spotka\u0144 na \u017cywo.<\/p>\n<p>Je\u015bli interesuje Ci\u0119 obr\u00f3t nieruchomo\u015bciami gruntowymi, to bez w\u0105tpienia kurs online: Jak uzyska\u0107 warunki zabudowy jest dla Ciebie.<\/p>\n","protected":false},"excerpt":{"rendered":"<p>Kurs: Jak uzyska\u0107 warunki zabudowy \u2013 dok\u0142adny opis poni\u017cej<\/p>\n<p>W pakiecie otrzymujesz:<br \/>\n\u2013 roczny dost\u0119p do kursu, czyli nagra\u0144 wideo, plik\u00f3w, druk\u00f3w<br \/>\n\u2013 mo\u017cliwo\u015b\u0107 przed\u0142u\u017cenia dost\u0119pu na kolejny okres<br \/>\n\u2013 dost\u0119p zawsze do aktualnej wiedzy, odpowiadaj\u0105cej najnowszej wersji kursu<br \/>\n\u2013 nielimitowany dost\u0119p do dw\u00f3ch grup na facebooku<br \/>\n\u2013 mo\u017cliwo\u015b\u0107 konsultacji swojego przypadku podczas spotkania online z prelegentem<br \/>\n\u2013 imienny certyfikat uko\u0144czenia kursu<\/p>\n","protected":false},"featured_media":906,"comment_status":"open","ping_status":"closed","template":"","meta":{"bwfblock_default_font":""},"product_cat":[19],"product_tag":[],"_links":{"self":[{"href":"https:\/\/tur-nieruchomosci.pl\/sklep\/wp-json\/wp\/v2\/product\/819"}],"collection":[{"href":"https:\/\/tur-nieruchomosci.pl\/sklep\/wp-json\/wp\/v2\/product"}],"about":[{"href":"https:\/\/tur-nieruchomosci.pl\/sklep\/wp-json\/wp\/v2\/types\/product"}],"replies":[{"embeddable":true,"href":"https:\/\/tur-nieruchomosci.pl\/sklep\/wp-json\/wp\/v2\/comments?post=819"}],"wp:featuredmedia":[{"embeddable":true,"href":"https:\/\/tur-nieruchomosci.pl\/sklep\/wp-json\/wp\/v2\/media\/906"}],"wp:attachment":[{"href":"https:\/\/tur-nieruchomosci.pl\/sklep\/wp-json\/wp\/v2\/media?parent=819"}],"wp:term":[{"taxonomy":"product_cat","embeddable":true,"href":"https:\/\/tur-nieruchomosci.pl\/sklep\/wp-json\/wp\/v2\/product_cat?post=819"},{"taxonomy":"product_tag","embeddable":true,"href":"https:\/\/tur-nieruchomosci.pl\/sklep\/wp-json\/wp\/v2\/product_tag?post=819"}],"curies":[{"name":"wp","href":"https:\/\/api.w.org\/{rel}","templated":true}]}}